{"id":909,"date":"2019-01-10T12:09:25","date_gmt":"2019-01-10T11:09:25","guid":{"rendered":"http:\/\/www.montmirat.fr\/?page_id=909"},"modified":"2019-01-10T12:09:25","modified_gmt":"2019-01-10T11:09:25","slug":"info-flash","status":"publish","type":"page","link":"https:\/\/www.montmirat.fr\/index.php\/info-flash\/","title":{"rendered":"Info-Flash"},"content":{"rendered":"<p><img loading=\"lazy\" decoding=\"async\" class=\"alignnone size-full wp-image-911\" src=\"http:\/\/www.montmirat.fr\/wp-content\/uploads\/2019\/01\/infoflash.png\" alt=\"\" width=\"342\" height=\"150\" srcset=\"https:\/\/www.montmirat.fr\/wp-content\/uploads\/2019\/01\/infoflash.png 342w, https:\/\/www.montmirat.fr\/wp-content\/uploads\/2019\/01\/infoflash-150x66.png 150w, https:\/\/www.montmirat.fr\/wp-content\/uploads\/2019\/01\/infoflash-100x44.png 100w, https:\/\/www.montmirat.fr\/wp-content\/uploads\/2019\/01\/infoflash-200x88.png 200w, https:\/\/www.montmirat.fr\/wp-content\/uploads\/2019\/01\/infoflash-300x132.png 300w\" sizes=\"auto, (max-width: 342px) 100vw, 342px\" \/><\/p>\n<p>C&rsquo;est une application mobile d\u00e9di\u00e9e aux municipalit\u00e9s qui informe et alerte la population locale en temps r\u00e9el.<\/p>\n<p>Simple \u00e0 mettre en \u0153uvre et anonyme pour l&rsquo;utilisateur, cette technologie bas\u00e9e sur les notifications n&rsquo;entra\u00eene aucun surco\u00fbt, quelque soit le nombre de messages envoy\u00e9s.<\/p>\n<p>Une solution innovante<\/p>\n<p>qui informe et alerte via des notifications :<\/p>\n<p>* Uniquement des Informations utiles et officielles.<\/p>\n<p>* Aucune inscription pour les utilisateurs.<\/p>\n<p>* Aucune donn\u00e9e personnelle, totalement anonyme.<\/p>\n<p>* Fonctionnement sur tablette et smartphone.<\/p>\n<p>* L\u2019actualit\u00e9 locale en toute simplicit\u00e9.<\/p>\n<p>Anonymat et facilit\u00e9 d\u2019acc\u00e8s.<\/p>\n<p>Contrairement aux technologies bas\u00e9es sur l\u2019envoi de SMS, Info-Flash ne n\u00e9cessite aucune inscription pr\u00e9alable de l\u2019utilisateur en mairie, garantissant ainsi anonymat et facilit\u00e9 d\u2019acc\u00e8s au service.<\/p>\n<p>Disponible en t\u00e9l\u00e9chargement libre sur App Store et Google Play, l\u2019application fonctionne \u00e0 la fois sur le r\u00e9seau de t\u00e9l\u00e9phonie mobile et le r\u00e9seau wifi, ce qui permet aux personnes ne disposant pas de smartphone de recevoir des messages via d\u2019autres supports num\u00e9riques reli\u00e9s \u00e0 internet.<\/p>\n<p>Une fois connect\u00e9, chaque utilisateur s\u00e9lectionnera le type de notifications qu\u2019il souhaite recevoir, en fonction de ses int\u00e9r\u00eats et besoins.<\/p>\n<p>&nbsp;<\/p>\n","protected":false},"excerpt":{"rendered":"<p>C&rsquo;est une application mobile d\u00e9di\u00e9e aux municipalit\u00e9s qui informe et alerte la population locale en temps r\u00e9el. Simple \u00e0 mettre en \u0153uvre et anonyme pour l&rsquo;utilisateur, cette technologie bas\u00e9e sur les notifications n&rsquo;entra\u00eene aucun surco\u00fbt, quelque soit le nombre de<span class=\"ellipsis\">&hellip;<\/span><\/p>\n<div class=\"read-more\"><a href=\"https:\/\/www.montmirat.fr\/index.php\/info-flash\/\">Lire la suite <span class=\"screen-reader-text\">Info-Flash<\/span><span class=\"meta-nav\"> &#8250;<\/span><\/a><\/div>\n<p><!-- end of .read-more --><\/p>\n","protected":false},"author":1,"featured_media":0,"parent":0,"menu_order":0,"comment_status":"closed","ping_status":"closed","template":"","meta":{"_price":"","_stock":"","_tribe_ticket_header":"","_tribe_default_ticket_provider":"","_tribe_ticket_capacity":"0","_ticket_start_date":"","_ticket_end_date":"","_tribe_ticket_show_description":"","_tribe_ticket_show_not_going":false,"_tribe_ticket_use_global_stock":"","_tribe_ticket_global_stock_level":"","_global_stock_mode":"","_global_stock_cap":"","_tribe_rsvp_for_event":"","_tribe_ticket_going_count":"","_tribe_ticket_not_going_count":"","_tribe_tickets_list":"[]","_tribe_ticket_has_attendee_info_fields":false,"footnotes":"","_tec_slr_enabled":"","_tec_slr_layout":""},"class_list":["post-909","page","type-page","status-publish","hentry"],"ticketed":false,"_links":{"self":[{"href":"https:\/\/www.montmirat.fr\/index.php\/wp-json\/wp\/v2\/pages\/909","targetHints":{"allow":["GET"]}}],"collection":[{"href":"https:\/\/www.montmirat.fr\/index.php\/wp-json\/wp\/v2\/pages"}],"about":[{"href":"https:\/\/www.montmirat.fr\/index.php\/wp-json\/wp\/v2\/types\/page"}],"author":[{"embeddable":true,"href":"https:\/\/www.montmirat.fr\/index.php\/wp-json\/wp\/v2\/users\/1"}],"replies":[{"embeddable":true,"href":"https:\/\/www.montmirat.fr\/index.php\/wp-json\/wp\/v2\/comments?post=909"}],"version-history":[{"count":2,"href":"https:\/\/www.montmirat.fr\/index.php\/wp-json\/wp\/v2\/pages\/909\/revisions"}],"predecessor-version":[{"id":912,"href":"https:\/\/www.montmirat.fr\/index.php\/wp-json\/wp\/v2\/pages\/909\/revisions\/912"}],"wp:attachment":[{"href":"https:\/\/www.montmirat.fr\/index.php\/wp-json\/wp\/v2\/media?parent=909"}],"curies":[{"name":"wp","href":"https:\/\/api.w.org\/{rel}","templated":true}]}}