{"id":699,"date":"2018-02-11T13:54:48","date_gmt":"2018-02-11T12:54:48","guid":{"rendered":"http:\/\/www.montmirat.fr\/?page_id=699"},"modified":"2018-02-11T13:54:48","modified_gmt":"2018-02-11T12:54:48","slug":"cookies","status":"publish","type":"page","link":"https:\/\/www.montmirat.fr\/index.php\/cookies\/","title":{"rendered":"Cookies"},"content":{"rendered":"<h2 class=\"subtitle\">Cette page a pour but de vous informer sur l\u2019utilisation des cookies de notre site et de vous indiquer comment les param\u00e9trer.<\/h2>\n<div class=\"editor\">\n<div class=\"editor field field-type-text-long\">\n<h3>Qu\u2019est-ce qu\u2019un cookie ?<\/h3>\n<p>Les cookies sont de petits fichiers texte d\u00e9pos\u00e9s sur votre ordinateur\/tablette\/smartphone\/t\u00e9l\u00e9vision connect\u00e9e\/console de jeux vid\u00e9o connect\u00e9e \u00e0 Internet lors de la visite d&rsquo;un site. Ils ont pour but de collecter des informations relatives \u00e0 votre navigation et de vous adresser des offres et services personnalis\u00e9s. Les cookies sont g\u00e9r\u00e9s par votre navigateur internet.<\/p>\n<h3>Pourquoi utilisons-nous des cookies ?<\/h3>\n<p>Ils nous permettent de v\u00e9rifier le bon fonctionnement du site et permettent par exemple d\u2019enregistrer vos pr\u00e9f\u00e9rences.<br \/>\nNous utilisons \u00e9galement des cookies pour mesurer l\u2019audience de notre site. Ainsi nous pouvons analyser la fr\u00e9quentation et l\u2019utilisation de notre site.<br \/>\nIl existe aussi des cookies \u00e9mis par des tiers pour suivre des op\u00e9rations de publicit\u00e9 cibl\u00e9e ou partager des contenus via des r\u00e9seaux sociaux par exemple.<\/p>\n<h3>Comment accepter ou refuser les cookies ?<\/h3>\n<p>En continuant votre navigation sur notre site, vous vous engagez \u00e0 accepter l\u2019utilisation des cookies.<br \/>\nLa rubrique \u00ab Aide \u00bb des navigateurs vous indique comment param\u00e9trer et d\u00e9sactiver les cookies.<\/p>\n<p>Pour plus d&rsquo;informations sur les cookies, visitez <a href=\"http:\/\/www.cnil.fr\/vos-obligations\/sites-web-cookies-et-autres-traceurs\/que-dit-la-loi\/\" target=\"_blank\" rel=\"noopener\">le site de la CNIL<\/a>.<\/p>\n<\/div>\n<\/div>\n","protected":false},"excerpt":{"rendered":"<p>Cette page a pour but de vous informer sur l\u2019utilisation des cookies de notre site et de vous indiquer comment les param\u00e9trer. Qu\u2019est-ce qu\u2019un cookie ? Les cookies sont de petits fichiers texte d\u00e9pos\u00e9s sur votre ordinateur\/tablette\/smartphone\/t\u00e9l\u00e9vision connect\u00e9e\/console de jeux<span class=\"ellipsis\">&hellip;<\/span><\/p>\n<div class=\"read-more\"><a href=\"https:\/\/www.montmirat.fr\/index.php\/cookies\/\">Lire la suite <span class=\"screen-reader-text\">Cookies<\/span><span class=\"meta-nav\"> &#8250;<\/span><\/a><\/div>\n<p><!-- end of .read-more --><\/p>\n","protected":false},"author":1,"featured_media":0,"parent":0,"menu_order":0,"comment_status":"closed","ping_status":"closed","template":"","meta":{"_price":"","_stock":"","_tribe_ticket_header":"","_tribe_default_ticket_provider":"","_tribe_ticket_capacity":"0","_ticket_start_date":"","_ticket_end_date":"","_tribe_ticket_show_description":"","_tribe_ticket_show_not_going":false,"_tribe_ticket_use_global_stock":"","_tribe_ticket_global_stock_level":"","_global_stock_mode":"","_global_stock_cap":"","_tribe_rsvp_for_event":"","_tribe_ticket_going_count":"","_tribe_ticket_not_going_count":"","_tribe_tickets_list":"[]","_tribe_ticket_has_attendee_info_fields":false,"footnotes":"","_tec_slr_enabled":"","_tec_slr_layout":""},"class_list":["post-699","page","type-page","status-publish","hentry"],"ticketed":false,"_links":{"self":[{"href":"https:\/\/www.montmirat.fr\/index.php\/wp-json\/wp\/v2\/pages\/699","targetHints":{"allow":["GET"]}}],"collection":[{"href":"https:\/\/www.montmirat.fr\/index.php\/wp-json\/wp\/v2\/pages"}],"about":[{"href":"https:\/\/www.montmirat.fr\/index.php\/wp-json\/wp\/v2\/types\/page"}],"author":[{"embeddable":true,"href":"https:\/\/www.montmirat.fr\/index.php\/wp-json\/wp\/v2\/users\/1"}],"replies":[{"embeddable":true,"href":"https:\/\/www.montmirat.fr\/index.php\/wp-json\/wp\/v2\/comments?post=699"}],"version-history":[{"count":1,"href":"https:\/\/www.montmirat.fr\/index.php\/wp-json\/wp\/v2\/pages\/699\/revisions"}],"predecessor-version":[{"id":700,"href":"https:\/\/www.montmirat.fr\/index.php\/wp-json\/wp\/v2\/pages\/699\/revisions\/700"}],"wp:attachment":[{"href":"https:\/\/www.montmirat.fr\/index.php\/wp-json\/wp\/v2\/media?parent=699"}],"curies":[{"name":"wp","href":"https:\/\/api.w.org\/{rel}","templated":true}]}}