{"id":695,"date":"2018-02-18T10:53:43","date_gmt":"2018-02-18T09:53:43","guid":{"rendered":"http:\/\/www.montmirat.fr\/?page_id=695"},"modified":"2018-02-22T13:20:09","modified_gmt":"2018-02-22T12:20:09","slug":"office-de-tourisme-du-pays-de-sommieres","status":"publish","type":"page","link":"https:\/\/www.montmirat.fr\/index.php\/office-de-tourisme-du-pays-de-sommieres\/","title":{"rendered":"Office de Tourisme du Pays de Sommi\u00e8res"},"content":{"rendered":"<p><span style=\"font-family: georgia, palatino, serif;\"><strong><span style=\"color: #000000;\">Office de Tourisme du Pays de Sommi\u00e8res<\/span><\/strong><\/span><\/p>\n<p><span style=\"color: #000000; font-family: georgia, palatino, serif;\"><span style=\"font-size: medium;\">L&rsquo;Office est ouvert toute l\u2019ann\u00e9e.<\/span><\/span><\/p>\n<p><span style=\"font-family: georgia, palatino, serif;\">De O<strong>ctobre \u00e0 fin Mai\u00a0<\/strong>: du lundi au vendredi de 10 h 00 \u00e0 12 h 30 et de 14 h \u00e0 17 h 30 et le samedi de 10 h 00 \u00e0 12 h 30.<\/span><br \/>\n<span style=\"font-family: georgia, palatino, serif;\"> Du <strong>1er Juin au 30 Septembre<\/strong>\u00a0: lundi au samedi de 10 h 00 \u00e0 12 h 30 et de 14 h 00 \u00e0 <span style=\"color: #000000;\"><span style=\"font-size: medium;\">18 h 00. <i>(<\/i><strong><em>19 h 00 du 13 Juillet au 14 Ao\u00fbt<\/em><\/strong>).<br \/>\n<i>Dimanches et jours f\u00e9ri\u00e9s (Juillet et Ao\u00fbt) de 10 h 00 \u00e0 13 h 00<\/i>.<\/span><\/span><\/span><\/p>\n<p><a href=\"https:\/\/ot-sommieres.com\" target=\"_blank\" rel=\"noopener\"><img loading=\"lazy\" decoding=\"async\" class=\"alignnone size-full wp-image-513\" src=\"http:\/\/www.montmirat.fr\/wp-content\/uploads\/2017\/12\/acces.png\" alt=\"\" width=\"66\" height=\"27\" \/><\/a>\u00a0 Site Office de tourisme du pays de Sommi\u00e8res<\/p>\n<hr \/>\n<p><span style=\"font-size: 12pt;\"><span style=\"color: #000000;\"><span style=\"font-family: Arial, sans-serif;\"><span style=\"font-family: georgia, palatino, serif;\">La<strong> C<\/strong>ommunaut\u00e9 de <strong>C<\/strong>ommunes du <strong>P<\/strong>ays de <strong>S<\/strong>ommi\u00e8res<\/span><\/span><\/span><span style=\"color: #000000; font-family: georgia, palatino, serif;\">\u00a0 collabore avec l\u2019<strong>O<\/strong>ffice de <strong>T<\/strong>ourisme et met \u00e0 disposition toutes les solutions d\u2019h\u00e9bergement (locations meubl\u00e9es, r\u00e9sidences, h\u00f4tels, g\u00eetes, chambres d\u2019h\u00f4tes ou campings&#8230;.) <\/span><\/span><\/p>\n<p><span style=\"font-family: georgia, palatino, serif; font-size: 12pt;\"><span style=\"color: #000000;\">Tout au long de l\u2019ann\u00e9e, les communes proposent des manifestations vari\u00e9es et en \u00e9t\u00e9, les villages s\u2019animent lors des f\u00eates traditionnelles qui mettent \u00e0 l\u2019honneur la musique, les manifestations taurines et la convivialit\u00e9<\/span><span style=\"color: #000000;\">. <\/span><\/span><\/p>\n<p><a href=\"https:\/\/www.ccpaysdesommieres.fr\/tourisme\/office-de-tourisme\/\" target=\"_blank\" rel=\"noopener\"><img loading=\"lazy\" decoding=\"async\" class=\"alignnone size-full wp-image-513\" src=\"http:\/\/www.montmirat.fr\/wp-content\/uploads\/2017\/12\/acces.png\" alt=\"\" width=\"66\" height=\"27\" \/><\/a> \u00a0 Site de la Communaut\u00e9 de Communes du Pays de Sommi\u00e8res.<\/p>\n<p>&nbsp;<\/p>\n","protected":false},"excerpt":{"rendered":"<p>Office de Tourisme du Pays de Sommi\u00e8res L&rsquo;Office est ouvert toute l\u2019ann\u00e9e. De Octobre \u00e0 fin Mai\u00a0: du lundi au vendredi de 10 h 00 \u00e0 12 h 30 et de 14 h \u00e0 17 h 30 et le samedi<span class=\"ellipsis\">&hellip;<\/span><\/p>\n<div class=\"read-more\"><a href=\"https:\/\/www.montmirat.fr\/index.php\/office-de-tourisme-du-pays-de-sommieres\/\">Lire la suite <span class=\"screen-reader-text\">Office de Tourisme du Pays de Sommi\u00e8res<\/span><span class=\"meta-nav\"> &#8250;<\/span><\/a><\/div>\n<p><!-- end of .read-more --><\/p>\n","protected":false},"author":1,"featured_media":0,"parent":0,"menu_order":0,"comment_status":"closed","ping_status":"closed","template":"","meta":{"_price":"","_stock":"","_tribe_ticket_header":"","_tribe_default_ticket_provider":"","_tribe_ticket_capacity":"0","_ticket_start_date":"","_ticket_end_date":"","_tribe_ticket_show_description":"","_tribe_ticket_show_not_going":false,"_tribe_ticket_use_global_stock":"","_tribe_ticket_global_stock_level":"","_global_stock_mode":"","_global_stock_cap":"","_tribe_rsvp_for_event":"","_tribe_ticket_going_count":"","_tribe_ticket_not_going_count":"","_tribe_tickets_list":"[]","_tribe_ticket_has_attendee_info_fields":false,"footnotes":"","_tec_slr_enabled":"","_tec_slr_layout":""},"class_list":["post-695","page","type-page","status-publish","hentry"],"ticketed":false,"_links":{"self":[{"href":"https:\/\/www.montmirat.fr\/index.php\/wp-json\/wp\/v2\/pages\/695","targetHints":{"allow":["GET"]}}],"collection":[{"href":"https:\/\/www.montmirat.fr\/index.php\/wp-json\/wp\/v2\/pages"}],"about":[{"href":"https:\/\/www.montmirat.fr\/index.php\/wp-json\/wp\/v2\/types\/page"}],"author":[{"embeddable":true,"href":"https:\/\/www.montmirat.fr\/index.php\/wp-json\/wp\/v2\/users\/1"}],"replies":[{"embeddable":true,"href":"https:\/\/www.montmirat.fr\/index.php\/wp-json\/wp\/v2\/comments?post=695"}],"version-history":[{"count":10,"href":"https:\/\/www.montmirat.fr\/index.php\/wp-json\/wp\/v2\/pages\/695\/revisions"}],"predecessor-version":[{"id":720,"href":"https:\/\/www.montmirat.fr\/index.php\/wp-json\/wp\/v2\/pages\/695\/revisions\/720"}],"wp:attachment":[{"href":"https:\/\/www.montmirat.fr\/index.php\/wp-json\/wp\/v2\/media?parent=695"}],"curies":[{"name":"wp","href":"https:\/\/api.w.org\/{rel}","templated":true}]}}