{"id":67,"date":"2017-06-05T15:41:18","date_gmt":"2017-06-05T13:41:18","guid":{"rendered":"http:\/\/www.montmirat.fr\/?page_id=67"},"modified":"2026-03-31T17:49:27","modified_gmt":"2026-03-31T15:49:27","slug":"accueil","status":"publish","type":"page","link":"https:\/\/www.montmirat.fr\/","title":{"rendered":"Accueil"},"content":{"rendered":"<p><img loading=\"lazy\" decoding=\"async\" class=\"alignnone wp-image-168\" src=\"http:\/\/www.montmirat.fr\/wp-content\/uploads\/2017\/08\/780_200-300x174.jpg\" alt=\"\" width=\"317\" height=\"183\" srcset=\"https:\/\/www.montmirat.fr\/wp-content\/uploads\/2017\/08\/780_200-300x174.jpg 300w, https:\/\/www.montmirat.fr\/wp-content\/uploads\/2017\/08\/780_200-100x58.jpg 100w, https:\/\/www.montmirat.fr\/wp-content\/uploads\/2017\/08\/780_200-150x87.jpg 150w, https:\/\/www.montmirat.fr\/wp-content\/uploads\/2017\/08\/780_200-200x116.jpg 200w, https:\/\/www.montmirat.fr\/wp-content\/uploads\/2017\/08\/780_200.jpg 344w\" sizes=\"auto, (max-width: 317px) 100vw, 317px\" \/><\/p>\n<p><span style=\"color: #ff0000;\">La mairie est ferm\u00e9e tous les lundis et les jeudis<\/span><\/p>\n<p><strong>L&rsquo;\u00e9quipe municipale vous souhaite la bienvenue sur le site de la mairie<\/strong><\/p>\n<p><span style=\"font-family: Tahoma, sans-serif; font-size: 10pt;\"><b>Maire\u00a0<\/b>: Gr\u00e9gory BENEZET &#8211; <\/span><span style=\"font-family: Tahoma, sans-serif; font-size: 10pt;\"><b>1\u00e8re adjointe\u00a0<\/b>: Magali BELMONTE &#8211; <\/span><span style=\"font-family: Tahoma, sans-serif; font-size: 10pt;\"><b>2\u00e8me adjoint<\/b> : Mika\u00ebl CHAPELLE\u00a0 &#8211; <\/span><span style=\"font-family: Tahoma, sans-serif; font-size: 10pt;\"><b>3\u00e8me adjointe<\/b> : Brigitte SOLER<\/span><\/p>\n<p><span style=\"font-family: Tahoma, sans-serif; font-size: 10pt;\"><b>Conseillers municipaux\u00a0<\/b>: Juan HERRERO, Bernard ROUVI\u00c8RE, \u00c9milie JOIGNEAUX, Cl\u00e9mence PLANARD, Marwan SERRANO-MORGE, Sylvie FEUILLADE, Hugues ALORY<\/span><\/p>\n<p align=\"JUSTIFY\">\n","protected":false},"excerpt":{"rendered":"<p>La mairie est ferm\u00e9e tous les lundis et les jeudis L&rsquo;\u00e9quipe municipale vous souhaite la bienvenue sur le site de la mairie Maire\u00a0: Gr\u00e9gory BENEZET &#8211; 1\u00e8re adjointe\u00a0: Magali BELMONTE &#8211; 2\u00e8me adjoint : Mika\u00ebl CHAPELLE\u00a0 &#8211; 3\u00e8me adjointe :<span class=\"ellipsis\">&hellip;<\/span><\/p>\n<div class=\"read-more\"><a href=\"https:\/\/www.montmirat.fr\/\">Lire la suite <span class=\"screen-reader-text\">Accueil<\/span><span class=\"meta-nav\"> &#8250;<\/span><\/a><\/div>\n<p><!-- end of .read-more --><\/p>\n","protected":false},"author":1,"featured_media":0,"parent":0,"menu_order":0,"comment_status":"closed","ping_status":"closed","template":"","meta":{"_price":"","_stock":"","_tribe_ticket_header":"","_tribe_default_ticket_provider":"","_tribe_ticket_capacity":"0","_ticket_start_date":"","_ticket_end_date":"","_tribe_ticket_show_description":"","_tribe_ticket_show_not_going":false,"_tribe_ticket_use_global_stock":"","_tribe_ticket_global_stock_level":"","_global_stock_mode":"","_global_stock_cap":"","_tribe_rsvp_for_event":"","_tribe_ticket_going_count":"","_tribe_ticket_not_going_count":"","_tribe_tickets_list":"[]","_tribe_ticket_has_attendee_info_fields":false,"footnotes":"","_tec_slr_enabled":"","_tec_slr_layout":""},"class_list":["post-67","page","type-page","status-publish","hentry"],"ticketed":false,"_links":{"self":[{"href":"https:\/\/www.montmirat.fr\/index.php\/wp-json\/wp\/v2\/pages\/67","targetHints":{"allow":["GET"]}}],"collection":[{"href":"https:\/\/www.montmirat.fr\/index.php\/wp-json\/wp\/v2\/pages"}],"about":[{"href":"https:\/\/www.montmirat.fr\/index.php\/wp-json\/wp\/v2\/types\/page"}],"author":[{"embeddable":true,"href":"https:\/\/www.montmirat.fr\/index.php\/wp-json\/wp\/v2\/users\/1"}],"replies":[{"embeddable":true,"href":"https:\/\/www.montmirat.fr\/index.php\/wp-json\/wp\/v2\/comments?post=67"}],"version-history":[{"count":86,"href":"https:\/\/www.montmirat.fr\/index.php\/wp-json\/wp\/v2\/pages\/67\/revisions"}],"predecessor-version":[{"id":2262,"href":"https:\/\/www.montmirat.fr\/index.php\/wp-json\/wp\/v2\/pages\/67\/revisions\/2262"}],"wp:attachment":[{"href":"https:\/\/www.montmirat.fr\/index.php\/wp-json\/wp\/v2\/media?parent=67"}],"curies":[{"name":"wp","href":"https:\/\/api.w.org\/{rel}","templated":true}]}}