{"id":471,"date":"2017-11-23T21:55:54","date_gmt":"2017-11-23T20:55:54","guid":{"rendered":"http:\/\/www.montmirat.fr\/?page_id=471"},"modified":"2026-03-31T17:56:14","modified_gmt":"2026-03-31T15:56:14","slug":"mentions-legales","status":"publish","type":"page","link":"https:\/\/www.montmirat.fr\/index.php\/mentions-legales\/","title":{"rendered":"Mentions l\u00e9gales"},"content":{"rendered":"<p><span style=\"font-size: 18pt;\">Propri\u00e9taire du site :<\/span><br \/>\nMairie de Montmirat<br \/>\n50 rue de l\u2019\u00c9cole<br \/>\n30260 Montmirat<\/p>\n<p>Tel : 04 66 80 04 17<br \/>\nFax : 04 66 80 50 15<\/p>\n<hr \/>\n<p><span style=\"font-size: 18pt;\">Responsable de la publication :<\/span><\/p>\n<p>Gr\u00e9gory BENEZET (Maire)<\/p>\n<hr \/>\n<p><span style=\"font-size: 18pt;\">H\u00e9bergeur :<\/span><br \/>\nOVH<br \/>\n2 rue Kellermann<br \/>\n59100 Roubaix &#8211; France<br \/>\nT\u00e9l\u00e9phone : +33 9 72 10 10 07<br \/>\nSite : http:\/\/www.ovh.com\/<\/p>\n<hr \/>\n","protected":false},"excerpt":{"rendered":"<p>Propri\u00e9taire du site : Mairie de Montmirat 50 rue de l\u2019\u00c9cole 30260 Montmirat Tel : 04 66 80 04 17 Fax : 04 66 80 50 15 Responsable de la publication : Gr\u00e9gory BENEZET (Maire) H\u00e9bergeur : OVH 2 rue<span class=\"ellipsis\">&hellip;<\/span><\/p>\n<div class=\"read-more\"><a href=\"https:\/\/www.montmirat.fr\/index.php\/mentions-legales\/\">Lire la suite <span class=\"screen-reader-text\">Mentions l\u00e9gales<\/span><span class=\"meta-nav\"> &#8250;<\/span><\/a><\/div>\n<p><!-- end of .read-more --><\/p>\n","protected":false},"author":1,"featured_media":0,"parent":0,"menu_order":0,"comment_status":"closed","ping_status":"closed","template":"","meta":{"_price":"","_stock":"","_tribe_ticket_header":"","_tribe_default_ticket_provider":"","_tribe_ticket_capacity":"0","_ticket_start_date":"","_ticket_end_date":"","_tribe_ticket_show_description":"","_tribe_ticket_show_not_going":false,"_tribe_ticket_use_global_stock":"","_tribe_ticket_global_stock_level":"","_global_stock_mode":"","_global_stock_cap":"","_tribe_rsvp_for_event":"","_tribe_ticket_going_count":"","_tribe_ticket_not_going_count":"","_tribe_tickets_list":"[]","_tribe_ticket_has_attendee_info_fields":false,"footnotes":"","_tec_slr_enabled":"","_tec_slr_layout":""},"class_list":["post-471","page","type-page","status-publish","hentry"],"ticketed":false,"_links":{"self":[{"href":"https:\/\/www.montmirat.fr\/index.php\/wp-json\/wp\/v2\/pages\/471","targetHints":{"allow":["GET"]}}],"collection":[{"href":"https:\/\/www.montmirat.fr\/index.php\/wp-json\/wp\/v2\/pages"}],"about":[{"href":"https:\/\/www.montmirat.fr\/index.php\/wp-json\/wp\/v2\/types\/page"}],"author":[{"embeddable":true,"href":"https:\/\/www.montmirat.fr\/index.php\/wp-json\/wp\/v2\/users\/1"}],"replies":[{"embeddable":true,"href":"https:\/\/www.montmirat.fr\/index.php\/wp-json\/wp\/v2\/comments?post=471"}],"version-history":[{"count":6,"href":"https:\/\/www.montmirat.fr\/index.php\/wp-json\/wp\/v2\/pages\/471\/revisions"}],"predecessor-version":[{"id":2266,"href":"https:\/\/www.montmirat.fr\/index.php\/wp-json\/wp\/v2\/pages\/471\/revisions\/2266"}],"wp:attachment":[{"href":"https:\/\/www.montmirat.fr\/index.php\/wp-json\/wp\/v2\/media?parent=471"}],"curies":[{"name":"wp","href":"https:\/\/api.w.org\/{rel}","templated":true}]}}