{"id":445,"date":"2017-10-31T16:00:53","date_gmt":"2017-10-31T15:00:53","guid":{"rendered":"http:\/\/www.montmirat.fr\/?page_id=445"},"modified":"2018-01-26T14:20:39","modified_gmt":"2018-01-26T13:20:39","slug":"patrimoine","status":"publish","type":"page","link":"https:\/\/www.montmirat.fr\/index.php\/patrimoine\/","title":{"rendered":"La Jouffe"},"content":{"rendered":"<table style=\"width: 720px;\" border=\"0\">\n<tbody>\n<tr>\n<td style=\"width: 219.767px;\"><img loading=\"lazy\" decoding=\"async\" class=\"alignnone size-medium wp-image-465\" src=\"http:\/\/www.montmirat.fr\/wp-content\/uploads\/2017\/11\/JOUFFE_ext\u00e9rieur-300x200.jpg\" alt=\"\" width=\"300\" height=\"200\" srcset=\"https:\/\/www.montmirat.fr\/wp-content\/uploads\/2017\/11\/JOUFFE_ext\u00e9rieur-300x200.jpg 300w, https:\/\/www.montmirat.fr\/wp-content\/uploads\/2017\/11\/JOUFFE_ext\u00e9rieur-100x67.jpg 100w, https:\/\/www.montmirat.fr\/wp-content\/uploads\/2017\/11\/JOUFFE_ext\u00e9rieur-150x100.jpg 150w, https:\/\/www.montmirat.fr\/wp-content\/uploads\/2017\/11\/JOUFFE_ext\u00e9rieur-200x133.jpg 200w, https:\/\/www.montmirat.fr\/wp-content\/uploads\/2017\/11\/JOUFFE_ext\u00e9rieur-450x300.jpg 450w, https:\/\/www.montmirat.fr\/wp-content\/uploads\/2017\/11\/JOUFFE_ext\u00e9rieur-600x400.jpg 600w, https:\/\/www.montmirat.fr\/wp-content\/uploads\/2017\/11\/JOUFFE_ext\u00e9rieur.jpg 720w\" sizes=\"auto, (max-width: 300px) 100vw, 300px\" \/><\/td>\n<td style=\"width: 555.433px;\"><span style=\"color: #000000;\"><span style=\"font-family: Arial, sans-serif;\"><span style=\"font-size: small;\"><b>La Jouffe, merveille du bois des Lens<\/b><\/span><\/span><\/span><\/p>\n<p align=\"LEFT\"><span style=\"color: #000000;\"><span style=\"font-family: Arial, sans-serif;\"><span style=\"font-size: small;\">Le promontoire de la Jouffe, situ\u00e9 au-dessus du Castellas, sur la commune de Montmirat a \u00e9t\u00e9 habit\u00e9 d\u00e8s la p\u00e9riode du Bronze final, soit environ 1000 ans avant J.-C. A cette<\/span><\/span><\/span><span style=\"color: #000000;\"><span style=\"font-family: Arial, sans-serif;\"><span style=\"font-size: small;\"> \u00e9poque, non loin de l\u00e0, dans le bois des Lens, des artistes cr\u00e9aient des statues menhirs comme celle que l\u2019on a retrouv\u00e9e pr\u00e8s de Montagnac. On travaillait le bronze pour en faire des outils, des bijoux, etc.\u00a0<\/span><\/span><\/span><span style=\"color: #000000;\"><span style=\"font-family: Arial, sans-serif;\"><span style=\"font-size: small;\">A la Jouffe, on a retrouv\u00e9 de nombreuses poteries et c\u00e9ramiques qui datent de 2600 ans pour certaines. On y a trouv\u00e9 aussi des amphores, des tessons et des objets en bronze.<\/span><\/span><\/span><\/p>\n<p align=\"LEFT\">\n<\/td>\n<\/tr>\n<\/tbody>\n<\/table>\n<table style=\"width: 720px;\" border=\"0\">\n<tbody>\n<tr>\n<td style=\"width: 600px;\">\n<p align=\"LEFT\"><span style=\"color: #000000;\"><span style=\"font-family: Arial, sans-serif;\"><span style=\"font-size: small;\"><b>Les inventeurs<\/b><\/span><\/span><\/span><\/p>\n<p align=\"LEFT\"><b> <\/b><span style=\"color: #000000;\"><span style=\"font-family: Arial, sans-serif;\"><span style=\"font-size: small;\">En 1897, Jean de Saint-Venant d\u00e9couvre sur le promontoire de la Jouffe une \u00abvieille enceinte\u00bb, puis, au d\u00e9but du XX \u00e8me si\u00e8cle, Fran\u00e7ois Mazauric d\u00e9couvre en ce lieu les traces d\u2019un oppidum, entour\u00e9 d\u2019une enceinte celtique. Peu \u00e0 peu, les arch\u00e9ologues d\u00e9couvrent et diff\u00e9rencient des traces des \u00e9poques gauloise et romaine.\u00a0\u00a0<\/span><\/span><\/span><span style=\"color: #000000;\"><span style=\"font-family: Arial, sans-serif;\"><span style=\"font-size: small;\">Apr\u00e8s 1918, Monsieur Coste, le propri\u00e9taire des lieux ex\u00e9cute des fouilles avec l\u2019aide de prisonniers allemands et il d\u00e9blaie notamment la grande citerne romaine, qui est encore en tr\u00e8s bon \u00e9tat. Depuis de nombreux arch\u00e9ologues amateurs ou professionnels ont fait des fouilles.<\/span><\/span><\/span><\/p>\n<\/td>\n<td style=\"width: 240px;\"><img loading=\"lazy\" decoding=\"async\" class=\"alignnone size-medium wp-image-466\" src=\"http:\/\/www.montmirat.fr\/wp-content\/uploads\/2017\/11\/JOUFFE_int\u00e9rieur-300x200.jpg\" alt=\"\" width=\"300\" height=\"200\" srcset=\"https:\/\/www.montmirat.fr\/wp-content\/uploads\/2017\/11\/JOUFFE_int\u00e9rieur-300x200.jpg 300w, https:\/\/www.montmirat.fr\/wp-content\/uploads\/2017\/11\/JOUFFE_int\u00e9rieur-100x67.jpg 100w, https:\/\/www.montmirat.fr\/wp-content\/uploads\/2017\/11\/JOUFFE_int\u00e9rieur-150x100.jpg 150w, https:\/\/www.montmirat.fr\/wp-content\/uploads\/2017\/11\/JOUFFE_int\u00e9rieur-200x133.jpg 200w, https:\/\/www.montmirat.fr\/wp-content\/uploads\/2017\/11\/JOUFFE_int\u00e9rieur-450x300.jpg 450w, https:\/\/www.montmirat.fr\/wp-content\/uploads\/2017\/11\/JOUFFE_int\u00e9rieur-600x400.jpg 600w, https:\/\/www.montmirat.fr\/wp-content\/uploads\/2017\/11\/JOUFFE_int\u00e9rieur.jpg 720w\" sizes=\"auto, (max-width: 300px) 100vw, 300px\" \/><\/td>\n<\/tr>\n<\/tbody>\n<\/table>\n<table style=\"width: 720px; height: 132px;\">\n<tbody>\n<tr>\n<td style=\"width: 240px;\"><img loading=\"lazy\" decoding=\"async\" class=\"alignnone size-medium wp-image-467\" src=\"http:\/\/www.montmirat.fr\/wp-content\/uploads\/2017\/11\/JOUFFE_sarcophage-300x200.jpg\" alt=\"\" width=\"300\" height=\"200\" srcset=\"https:\/\/www.montmirat.fr\/wp-content\/uploads\/2017\/11\/JOUFFE_sarcophage-300x200.jpg 300w, https:\/\/www.montmirat.fr\/wp-content\/uploads\/2017\/11\/JOUFFE_sarcophage-100x67.jpg 100w, https:\/\/www.montmirat.fr\/wp-content\/uploads\/2017\/11\/JOUFFE_sarcophage-150x100.jpg 150w, https:\/\/www.montmirat.fr\/wp-content\/uploads\/2017\/11\/JOUFFE_sarcophage-200x133.jpg 200w, https:\/\/www.montmirat.fr\/wp-content\/uploads\/2017\/11\/JOUFFE_sarcophage-450x300.jpg 450w, https:\/\/www.montmirat.fr\/wp-content\/uploads\/2017\/11\/JOUFFE_sarcophage-600x400.jpg 600w, https:\/\/www.montmirat.fr\/wp-content\/uploads\/2017\/11\/JOUFFE_sarcophage.jpg 720w\" sizes=\"auto, (max-width: 300px) 100vw, 300px\" \/><\/td>\n<td style=\"width: 600px;\">\n<p align=\"LEFT\"><span style=\"color: #000000;\"><span style=\"font-family: Arial, sans-serif;\"><span style=\"font-size: small;\"><b>La Jouffe d&rsquo;aujourd&rsquo;hui\u00a0<\/b><\/span><\/span><\/span><\/p>\n<p align=\"LEFT\"><span style=\"color: #000000;\"><span style=\"font-family: Arial, sans-serif;\"><span style=\"font-size: small;\">La Jouffe est depuis peu la propri\u00e9t\u00e9 de la commune de Montmirat. Un chantier a \u00e9t\u00e9 r\u00e9alis\u00e9 en 2011 pour mettre cette tr\u00e8s ancienne \u00e9glise en valeur.<\/span><\/span><\/span><\/p>\n<\/td>\n<\/tr>\n<\/tbody>\n<\/table>\n\n","protected":false},"excerpt":{"rendered":"<p>La Jouffe, merveille du bois des Lens Le promontoire de la Jouffe, situ\u00e9 au-dessus du Castellas, sur la commune de Montmirat a \u00e9t\u00e9 habit\u00e9 d\u00e8s la p\u00e9riode du Bronze final, soit environ 1000 ans avant J.-C. A cette \u00e9poque, non<span class=\"ellipsis\">&hellip;<\/span><\/p>\n<div class=\"read-more\"><a href=\"https:\/\/www.montmirat.fr\/index.php\/patrimoine\/\">Lire la suite <span class=\"screen-reader-text\">La Jouffe<\/span><span class=\"meta-nav\"> &#8250;<\/span><\/a><\/div>\n<p><!-- end of .read-more --><\/p>\n","protected":false},"author":2,"featured_media":0,"parent":0,"menu_order":0,"comment_status":"closed","ping_status":"closed","template":"","meta":{"_price":"","_stock":"","_tribe_ticket_header":"","_tribe_default_ticket_provider":"","_tribe_ticket_capacity":"0","_ticket_start_date":"","_ticket_end_date":"","_tribe_ticket_show_description":"","_tribe_ticket_show_not_going":false,"_tribe_ticket_use_global_stock":"","_tribe_ticket_global_stock_level":"","_global_stock_mode":"","_global_stock_cap":"","_tribe_rsvp_for_event":"","_tribe_ticket_going_count":"","_tribe_ticket_not_going_count":"","_tribe_tickets_list":"[]","_tribe_ticket_has_attendee_info_fields":false,"footnotes":"","_tec_slr_enabled":"","_tec_slr_layout":""},"class_list":["post-445","page","type-page","status-publish","hentry"],"ticketed":false,"_links":{"self":[{"href":"https:\/\/www.montmirat.fr\/index.php\/wp-json\/wp\/v2\/pages\/445","targetHints":{"allow":["GET"]}}],"collection":[{"href":"https:\/\/www.montmirat.fr\/index.php\/wp-json\/wp\/v2\/pages"}],"about":[{"href":"https:\/\/www.montmirat.fr\/index.php\/wp-json\/wp\/v2\/types\/page"}],"author":[{"embeddable":true,"href":"https:\/\/www.montmirat.fr\/index.php\/wp-json\/wp\/v2\/users\/2"}],"replies":[{"embeddable":true,"href":"https:\/\/www.montmirat.fr\/index.php\/wp-json\/wp\/v2\/comments?post=445"}],"version-history":[{"count":9,"href":"https:\/\/www.montmirat.fr\/index.php\/wp-json\/wp\/v2\/pages\/445\/revisions"}],"predecessor-version":[{"id":610,"href":"https:\/\/www.montmirat.fr\/index.php\/wp-json\/wp\/v2\/pages\/445\/revisions\/610"}],"wp:attachment":[{"href":"https:\/\/www.montmirat.fr\/index.php\/wp-json\/wp\/v2\/media?parent=445"}],"curies":[{"name":"wp","href":"https:\/\/api.w.org\/{rel}","templated":true}]}}