{"id":312,"date":"2017-10-19T22:36:56","date_gmt":"2017-10-19T20:36:56","guid":{"rendered":"http:\/\/www.montmirat.fr\/?page_id=312"},"modified":"2017-10-19T23:10:23","modified_gmt":"2017-10-19T21:10:23","slug":"numeros-utiles","status":"publish","type":"page","link":"https:\/\/www.montmirat.fr\/index.php\/numeros-utiles\/","title":{"rendered":"Num\u00e9ros utiles"},"content":{"rendered":"<p>Chambre d&rsquo;Agriculture<br \/>\n1120 route de Saint Gilles &#8211; 30932 N\u00eemes<br \/>\n04 66 04 50 60<br \/>\n<a href=\"http:\/\/www.gard.chambagri.fr\/\">http:\/\/www.gard.chambagri.fr\/<\/a><\/p>\n<p>Chambre de Commerce et d&rsquo;Industrie<br \/>\n12 rue de la R\u00e9publique &#8211; 30032 N\u00eemes Cedex 1<br \/>\n04 66 87 98 79<br \/>\n<a href=\"http:\/\/gard.cci.fr\/\">http:\/\/gard.cci.fr\/<\/a><\/p>\n<p>Chambre des M\u00e9tiers<br \/>\n904 avenue Mar\u00e9chal Juin, CS 83012 &#8211; 30908 N\u00eemes cedex 2<br \/>\n04 66 62 80 00<br \/>\n<a href=\"http:\/\/www.cma-gard.fr\/\">http:\/\/www.cma-gard.fr\/<\/a><\/p>\n<p>Communaut\u00e9 de Communes du Pays de Sommi\u00e8res<br \/>\nParc d&rsquo;activit\u00e9s de l&rsquo;Arn\u00e8de, BP 52027 &#8211; 30250 Sommi\u00e8res<br \/>\n04 66 77 70 39<br \/>\n<a href=\"https:\/\/www.ccpaysdesommieres.fr\/\">https:\/\/www.ccpaysdesommieres.fr\/<\/a><\/p>\n<p>Conseil D\u00e9partemental<br \/>\nH\u00f4tel du D\u00e9partement, 3 rue Guillemette &#8211; 30044 N\u00eemes cedex 09<br \/>\n04 66 76 76 76<br \/>\n<a href=\"http:\/\/www.gard.fr\/accueil.html\">http:\/\/www.gard.fr\/accueil.html<\/a><\/p>\n<p>Conseil R\u00e9gional Occitanie \/ Pyr\u00e9n\u00e9es-M\u00e9diterran\u00e9e<br \/>\nH\u00f4tel de R\u00e9gion Montpellier<br \/>\n201 avenue de la Pompignane &#8211; 34064 Montpellier<br \/>\n04 67 22 80 00<br \/>\n<a href=\"http:\/\/www.laregion.fr\/\">http:\/\/www.laregion.fr\/<\/a><\/p>\n<p>Gendarmerie &#8211; Brigade de proximit\u00e9 de Saint-Chaptes<br \/>\n150 Avenue Ren\u00e9 Pasquier<br \/>\n30190 Saint-Chaptes<br \/>\n04 66 81 20 73<br \/>\n<a href=\"https:\/\/lannuaire.service-public.fr\/occitanie\/gard\/gendarmerie-30241-01\">https:\/\/lannuaire.service-public.fr\/occitanie\/gard\/gendarmerie-30241-01<\/a><\/p>\n<p>Pr\u00e9fecture du Gard<br \/>\n10 avenue Feuch\u00e8res &#8211; 30045 N\u00eemes cedex 9<br \/>\n04 66 36 40 40<br \/>\n<a href=\"http:\/\/www.gard.gouv.fr\/\">http:\/\/www.gard.gouv.fr\/<\/a><\/p>\n<p>Tr\u00e9sorerie de Saint-Chaptes<br \/>\n56 avenue Ren\u00e9-Pasquier<br \/>\n30190 Saint-Chaptes<br \/>\n<span id=\"contentPhone_1\">04 66 81 21 32<br \/>\n<\/span><a href=\"https:\/\/lannuaire.service-public.fr\/occitanie\/gard\/tresorerie-30241-01\">https:\/\/lannuaire.service-public.fr\/occitanie\/gard\/tresorerie-30241-01<\/a><\/p>\n<p>&nbsp;<\/p>\n<p>&nbsp;<\/p>\n","protected":false},"excerpt":{"rendered":"<p>Chambre d&rsquo;Agriculture 1120 route de Saint Gilles &#8211; 30932 N\u00eemes 04 66 04 50 60 http:\/\/www.gard.chambagri.fr\/ Chambre de Commerce et d&rsquo;Industrie 12 rue de la R\u00e9publique &#8211; 30032 N\u00eemes Cedex 1 04 66 87 98 79 http:\/\/gard.cci.fr\/ Chambre des M\u00e9tiers<span class=\"ellipsis\">&hellip;<\/span><\/p>\n<div class=\"read-more\"><a href=\"https:\/\/www.montmirat.fr\/index.php\/numeros-utiles\/\">Lire la suite <span class=\"screen-reader-text\">Num\u00e9ros utiles<\/span><span class=\"meta-nav\"> &#8250;<\/span><\/a><\/div>\n<p><!-- end of .read-more --><\/p>\n","protected":false},"author":1,"featured_media":0,"parent":0,"menu_order":0,"comment_status":"closed","ping_status":"closed","template":"","meta":{"_price":"","_stock":"","_tribe_ticket_header":"","_tribe_default_ticket_provider":"","_tribe_ticket_capacity":"0","_ticket_start_date":"","_ticket_end_date":"","_tribe_ticket_show_description":"","_tribe_ticket_show_not_going":false,"_tribe_ticket_use_global_stock":"","_tribe_ticket_global_stock_level":"","_global_stock_mode":"","_global_stock_cap":"","_tribe_rsvp_for_event":"","_tribe_ticket_going_count":"","_tribe_ticket_not_going_count":"","_tribe_tickets_list":"[]","_tribe_ticket_has_attendee_info_fields":false,"footnotes":"","_tec_slr_enabled":"","_tec_slr_layout":""},"class_list":["post-312","page","type-page","status-publish","hentry"],"ticketed":false,"_links":{"self":[{"href":"https:\/\/www.montmirat.fr\/index.php\/wp-json\/wp\/v2\/pages\/312","targetHints":{"allow":["GET"]}}],"collection":[{"href":"https:\/\/www.montmirat.fr\/index.php\/wp-json\/wp\/v2\/pages"}],"about":[{"href":"https:\/\/www.montmirat.fr\/index.php\/wp-json\/wp\/v2\/types\/page"}],"author":[{"embeddable":true,"href":"https:\/\/www.montmirat.fr\/index.php\/wp-json\/wp\/v2\/users\/1"}],"replies":[{"embeddable":true,"href":"https:\/\/www.montmirat.fr\/index.php\/wp-json\/wp\/v2\/comments?post=312"}],"version-history":[{"count":10,"href":"https:\/\/www.montmirat.fr\/index.php\/wp-json\/wp\/v2\/pages\/312\/revisions"}],"predecessor-version":[{"id":326,"href":"https:\/\/www.montmirat.fr\/index.php\/wp-json\/wp\/v2\/pages\/312\/revisions\/326"}],"wp:attachment":[{"href":"https:\/\/www.montmirat.fr\/index.php\/wp-json\/wp\/v2\/media?parent=312"}],"curies":[{"name":"wp","href":"https:\/\/api.w.org\/{rel}","templated":true}]}}