{"id":297,"date":"2017-10-19T21:24:32","date_gmt":"2017-10-19T19:24:32","guid":{"rendered":"http:\/\/www.montmirat.fr\/?page_id=297"},"modified":"2017-10-22T15:13:14","modified_gmt":"2017-10-22T13:13:14","slug":"ccps","status":"publish","type":"page","link":"https:\/\/www.montmirat.fr\/index.php\/vie-municipale\/ccps\/","title":{"rendered":"CCPS"},"content":{"rendered":"<p><span style=\"font-family: 'Calibri','sans-serif'; color: black;\">La Commune de Montmirat a adh\u00e9r\u00e9\u00a0 \u00e0 la Communaut\u00e9 de Commune du Pays de Sommi\u00e8res en 1992 qui ne comptait que six communes.<br \/>\nAujourd&rsquo;hui c&rsquo;est dix sept\u00a0 communes qui la composent.<\/span><\/p>\n<p><a href=\"https:\/\/www.ccpaysdesommieres.fr\/\" target=\"_blank\" rel=\"noopener\"><img loading=\"lazy\" decoding=\"async\" class=\" wp-image-371 aligncenter\" src=\"http:\/\/www.montmirat.fr\/wp-content\/uploads\/2017\/10\/logo_ccps_footer-202x300.png\" alt=\"\" width=\"129\" height=\"192\" srcset=\"https:\/\/www.montmirat.fr\/wp-content\/uploads\/2017\/10\/logo_ccps_footer.png 202w, https:\/\/www.montmirat.fr\/wp-content\/uploads\/2017\/10\/logo_ccps_footer-100x149.png 100w, https:\/\/www.montmirat.fr\/wp-content\/uploads\/2017\/10\/logo_ccps_footer-150x223.png 150w, https:\/\/www.montmirat.fr\/wp-content\/uploads\/2017\/10\/logo_ccps_footer-200x297.png 200w\" sizes=\"auto, (max-width: 129px) 100vw, 129px\" \/><\/a><\/p>\n","protected":false},"excerpt":{"rendered":"<p>La Commune de Montmirat a adh\u00e9r\u00e9\u00a0 \u00e0 la Communaut\u00e9 de Commune du Pays de Sommi\u00e8res en 1992 qui ne comptait que six communes. Aujourd&rsquo;hui c&rsquo;est dix sept\u00a0 communes qui la composent.<\/p>\n","protected":false},"author":1,"featured_media":0,"parent":227,"menu_order":4,"comment_status":"closed","ping_status":"closed","template":"","meta":{"_price":"","_stock":"","_tribe_ticket_header":"","_tribe_default_ticket_provider":"","_tribe_ticket_capacity":"0","_ticket_start_date":"","_ticket_end_date":"","_tribe_ticket_show_description":"","_tribe_ticket_show_not_going":false,"_tribe_ticket_use_global_stock":"","_tribe_ticket_global_stock_level":"","_global_stock_mode":"","_global_stock_cap":"","_tribe_rsvp_for_event":"","_tribe_ticket_going_count":"","_tribe_ticket_not_going_count":"","_tribe_tickets_list":"[]","_tribe_ticket_has_attendee_info_fields":false,"footnotes":"","_tec_slr_enabled":"","_tec_slr_layout":""},"class_list":["post-297","page","type-page","status-publish","hentry"],"ticketed":false,"_links":{"self":[{"href":"https:\/\/www.montmirat.fr\/index.php\/wp-json\/wp\/v2\/pages\/297","targetHints":{"allow":["GET"]}}],"collection":[{"href":"https:\/\/www.montmirat.fr\/index.php\/wp-json\/wp\/v2\/pages"}],"about":[{"href":"https:\/\/www.montmirat.fr\/index.php\/wp-json\/wp\/v2\/types\/page"}],"author":[{"embeddable":true,"href":"https:\/\/www.montmirat.fr\/index.php\/wp-json\/wp\/v2\/users\/1"}],"replies":[{"embeddable":true,"href":"https:\/\/www.montmirat.fr\/index.php\/wp-json\/wp\/v2\/comments?post=297"}],"version-history":[{"count":5,"href":"https:\/\/www.montmirat.fr\/index.php\/wp-json\/wp\/v2\/pages\/297\/revisions"}],"predecessor-version":[{"id":373,"href":"https:\/\/www.montmirat.fr\/index.php\/wp-json\/wp\/v2\/pages\/297\/revisions\/373"}],"up":[{"embeddable":true,"href":"https:\/\/www.montmirat.fr\/index.php\/wp-json\/wp\/v2\/pages\/227"}],"wp:attachment":[{"href":"https:\/\/www.montmirat.fr\/index.php\/wp-json\/wp\/v2\/media?parent=297"}],"curies":[{"name":"wp","href":"https:\/\/api.w.org\/{rel}","templated":true}]}}