{"id":271,"date":"2017-10-19T14:15:18","date_gmt":"2017-10-19T12:15:18","guid":{"rendered":"http:\/\/www.montmirat.fr\/?page_id=271"},"modified":"2018-09-04T08:37:03","modified_gmt":"2018-09-04T06:37:03","slug":"associations","status":"publish","type":"page","link":"https:\/\/www.montmirat.fr\/index.php\/associations\/","title":{"rendered":"Associations"},"content":{"rendered":"<p><span style=\"font-family: tahoma, arial, helvetica, sans-serif; color: #0000ff;\"><strong>Comit\u00e9 des F\u00eates :<\/strong><span style=\"color: #000000;\"> association \u00e0 but non lucratif<\/span><\/span><\/p>\n<p>Adresse : rue de la mairie<\/p>\n<p>Pr\u00e9sident : <strong>Thierry Joujoux<\/strong><\/p>\n<p>&nbsp;<\/p>\n<p><span style=\"font-family: tahoma, arial, helvetica, sans-serif; color: #0000ff;\"><strong>Soci\u00e9t\u00e9 de Chasse :<\/strong><\/span><\/p>\n<p>Pr\u00e9sident : <strong>Bernard Rouvi\u00e8re<\/strong><\/p>\n","protected":false},"excerpt":{"rendered":"<p>Comit\u00e9 des F\u00eates : association \u00e0 but non lucratif Adresse : rue de la mairie Pr\u00e9sident : Thierry Joujoux &nbsp; Soci\u00e9t\u00e9 de Chasse : Pr\u00e9sident : Bernard Rouvi\u00e8re<\/p>\n","protected":false},"author":1,"featured_media":0,"parent":0,"menu_order":0,"comment_status":"closed","ping_status":"closed","template":"","meta":{"_price":"","_stock":"","_tribe_ticket_header":"","_tribe_default_ticket_provider":"","_tribe_ticket_capacity":"0","_ticket_start_date":"","_ticket_end_date":"","_tribe_ticket_show_description":"","_tribe_ticket_show_not_going":false,"_tribe_ticket_use_global_stock":"","_tribe_ticket_global_stock_level":"","_global_stock_mode":"","_global_stock_cap":"","_tribe_rsvp_for_event":"","_tribe_ticket_going_count":"","_tribe_ticket_not_going_count":"","_tribe_tickets_list":"[]","_tribe_ticket_has_attendee_info_fields":false,"footnotes":"","_tec_slr_enabled":"","_tec_slr_layout":""},"class_list":["post-271","page","type-page","status-publish","hentry"],"ticketed":false,"_links":{"self":[{"href":"https:\/\/www.montmirat.fr\/index.php\/wp-json\/wp\/v2\/pages\/271","targetHints":{"allow":["GET"]}}],"collection":[{"href":"https:\/\/www.montmirat.fr\/index.php\/wp-json\/wp\/v2\/pages"}],"about":[{"href":"https:\/\/www.montmirat.fr\/index.php\/wp-json\/wp\/v2\/types\/page"}],"author":[{"embeddable":true,"href":"https:\/\/www.montmirat.fr\/index.php\/wp-json\/wp\/v2\/users\/1"}],"replies":[{"embeddable":true,"href":"https:\/\/www.montmirat.fr\/index.php\/wp-json\/wp\/v2\/comments?post=271"}],"version-history":[{"count":4,"href":"https:\/\/www.montmirat.fr\/index.php\/wp-json\/wp\/v2\/pages\/271\/revisions"}],"predecessor-version":[{"id":860,"href":"https:\/\/www.montmirat.fr\/index.php\/wp-json\/wp\/v2\/pages\/271\/revisions\/860"}],"wp:attachment":[{"href":"https:\/\/www.montmirat.fr\/index.php\/wp-json\/wp\/v2\/media?parent=271"}],"curies":[{"name":"wp","href":"https:\/\/api.w.org\/{rel}","templated":true}]}}