{"id":268,"date":"2017-10-19T14:11:52","date_gmt":"2017-10-19T12:11:52","guid":{"rendered":"http:\/\/www.montmirat.fr\/?page_id=268"},"modified":"2024-04-22T10:48:39","modified_gmt":"2024-04-22T08:48:39","slug":"commerces-et-artisans","status":"publish","type":"page","link":"https:\/\/www.montmirat.fr\/index.php\/commerces-et-artisans\/","title":{"rendered":"Commerces et Artisans"},"content":{"rendered":"<p>Restaurant<\/p>\n<p>Cave Coop\u00e9rative<\/p>\n<p>Cave Particuli\u00e8re<\/p>\n<p>M\u00e9canique AUTO<\/p>\n<p>Auto-Entreprises :<\/p>\n<p><span style=\"background-color: #ffff00;\"><strong><span style=\"color: #0000ff;\">CANIBRUSH 30<\/span> &#8211; Mme Marie MALOCHE <\/strong><\/span><\/p>\n<p><span style=\"background-color: #ffff00;\"><strong>231, rue des Prades &#8211; Montmirat<\/strong><\/span><\/p>\n<p><span style=\"background-color: #ffff00;\"><strong>t\u00e9l. : 06 42 10 05 96\u00a0 &#8211; mail : canibrush30@gmail.com<\/strong><\/span><\/p>\n<p><span style=\"background-color: #ccffff;\"><strong>Site : canibrush30.fr<\/strong><\/span><\/p>\n<p><span style=\"background-color: #ccffff;\"><strong>Siret : 829 322 957 000 12<\/strong><\/span><\/p>\n<p><span style=\"background-color: #ffff00; color: #0000ff;\"><strong>SOPHROLOGUE &#8211; PRATICIENNE REIKI (Ma\u00eetre Re\u00efki)-<span style=\"color: #000000;\"><span style=\"color: #0000ff;\"> R\u00e9flexologie plantaire &#8211; Massage indien de la t\u00eate<\/span> &#8211; Mme Brigitte GLEIZE<\/span><\/strong><\/span><strong><span style=\"background-color: #ffff00;\">\u00a0<\/span><\/strong><\/p>\n<p><span style=\"background-color: #ffff00;\"><strong>2 Clos du\u00a0 Pareloup &#8211; Montmirat<\/strong><\/span><\/p>\n<p><span style=\"background-color: #ffff00;\"><strong>t\u00e9l. : 06 61 21 14 21 &#8211; mail : gleizeb@hotmail.fr<\/strong><\/span><\/p>\n<p><span style=\"background-color: #ccffff;\"><strong>Siret : 922 938 931 1000 16<\/strong><\/span><\/p>\n<p><span style=\"background-color: #ffff00; color: #0000ff;\"><strong>LC DECO EVENTS\u00a0<\/strong><\/span><\/p>\n<p><span style=\"background-color: #ffff00;\"><strong>Mme LONGEPE Caroline &#8211; 81 Chemin de la Plaine &#8211; Montmirat<\/strong><\/span><\/p>\n<p><span style=\"background-color: #ffff00;\"><strong>t\u00e9l. : 07 50 89 56 96 &#8211; contatct@lc-deco-events.fr\u00a0<\/strong><\/span><\/p>\n<p><span style=\"background-color: #ccffff;\"><strong>site : lc-deco-events.fr<\/strong><\/span><\/p>\n<p><span style=\"background-color: #ccffff;\"><strong>Siret : 983 000 597 000 10<\/strong><\/span><\/p>\n<p>Commer\u00e7ants Ambulants<\/p>\n<p>Locations Saisonni\u00e8res<\/p>\n<p>Si vous \u00eates artisans, commer\u00e7ants, autoentrepreneurs&#8230;. \u00e0 Montmirat et int\u00e9ress\u00e9s pour para\u00eetre sur ce site, merci de contacter directement la Mairie de Montmirat.<\/p>\n","protected":false},"excerpt":{"rendered":"<p>Restaurant Cave Coop\u00e9rative Cave Particuli\u00e8re M\u00e9canique AUTO Auto-Entreprises : CANIBRUSH 30 &#8211; Mme Marie MALOCHE 231, rue des Prades &#8211; Montmirat t\u00e9l. : 06 42 10 05 96\u00a0 &#8211; mail : canibrush30@gmail.com Site : canibrush30.fr Siret : 829 322 957<span class=\"ellipsis\">&hellip;<\/span><\/p>\n<div class=\"read-more\"><a href=\"https:\/\/www.montmirat.fr\/index.php\/commerces-et-artisans\/\">Lire la suite <span class=\"screen-reader-text\">Commerces et Artisans<\/span><span class=\"meta-nav\"> &#8250;<\/span><\/a><\/div>\n<p><!-- end of .read-more --><\/p>\n","protected":false},"author":1,"featured_media":0,"parent":0,"menu_order":0,"comment_status":"closed","ping_status":"closed","template":"","meta":{"_price":"","_stock":"","_tribe_ticket_header":"","_tribe_default_ticket_provider":"","_tribe_ticket_capacity":"0","_ticket_start_date":"","_ticket_end_date":"","_tribe_ticket_show_description":"","_tribe_ticket_show_not_going":false,"_tribe_ticket_use_global_stock":"","_tribe_ticket_global_stock_level":"","_global_stock_mode":"","_global_stock_cap":"","_tribe_rsvp_for_event":"","_tribe_ticket_going_count":"","_tribe_ticket_not_going_count":"","_tribe_tickets_list":"[]","_tribe_ticket_has_attendee_info_fields":false,"footnotes":"","_tec_slr_enabled":"","_tec_slr_layout":""},"class_list":["post-268","page","type-page","status-publish","hentry"],"ticketed":false,"_links":{"self":[{"href":"https:\/\/www.montmirat.fr\/index.php\/wp-json\/wp\/v2\/pages\/268","targetHints":{"allow":["GET"]}}],"collection":[{"href":"https:\/\/www.montmirat.fr\/index.php\/wp-json\/wp\/v2\/pages"}],"about":[{"href":"https:\/\/www.montmirat.fr\/index.php\/wp-json\/wp\/v2\/types\/page"}],"author":[{"embeddable":true,"href":"https:\/\/www.montmirat.fr\/index.php\/wp-json\/wp\/v2\/users\/1"}],"replies":[{"embeddable":true,"href":"https:\/\/www.montmirat.fr\/index.php\/wp-json\/wp\/v2\/comments?post=268"}],"version-history":[{"count":11,"href":"https:\/\/www.montmirat.fr\/index.php\/wp-json\/wp\/v2\/pages\/268\/revisions"}],"predecessor-version":[{"id":1905,"href":"https:\/\/www.montmirat.fr\/index.php\/wp-json\/wp\/v2\/pages\/268\/revisions\/1905"}],"wp:attachment":[{"href":"https:\/\/www.montmirat.fr\/index.php\/wp-json\/wp\/v2\/media?parent=268"}],"curies":[{"name":"wp","href":"https:\/\/api.w.org\/{rel}","templated":true}]}}