{"id":263,"date":"2017-10-19T14:01:31","date_gmt":"2017-10-19T12:01:31","guid":{"rendered":"http:\/\/www.montmirat.fr\/?page_id=263"},"modified":"2017-10-22T16:58:49","modified_gmt":"2017-10-22T14:58:49","slug":"dechetterie","status":"publish","type":"page","link":"https:\/\/www.montmirat.fr\/index.php\/dechetterie\/","title":{"rendered":"D\u00e9chetterie"},"content":{"rendered":"<ul>\n<li>D\u00e9chetteries de Sommi\u00e8res, Villevieille et Calvisson<br \/>\n<a href=\"https:\/\/www.ccpaysdesommieres.fr\/wp-content\/uploads\/horaires_dechetteries2017.pdf\" target=\"_blank\" rel=\"noopener\">Horaires<\/a><\/li>\n<\/ul>\n<p>&nbsp;<\/p>\n<ul>\n<li>D\u00e9chetterie Quissac<br \/>\nRoute de Nimes<br \/>\n30260 Quissac<a href=\"https:\/\/www.piemont-cevenol.fr\/les-services\/ordures-menageres\/les-decheteries\/\" target=\"_blank\" rel=\"noopener\"><br \/>\nHoraires<\/a><\/li>\n<\/ul>\n<p>&nbsp;<\/p>\n<p>&nbsp;<\/p>\n<p>&nbsp;<\/p>\n","protected":false},"excerpt":{"rendered":"<p>D\u00e9chetteries de Sommi\u00e8res, Villevieille et Calvisson Horaires &nbsp; D\u00e9chetterie Quissac Route de Nimes 30260 Quissac Horaires &nbsp; &nbsp; &nbsp;<\/p>\n","protected":false},"author":1,"featured_media":0,"parent":0,"menu_order":0,"comment_status":"closed","ping_status":"closed","template":"","meta":{"_price":"","_stock":"","_tribe_ticket_header":"","_tribe_default_ticket_provider":"","_tribe_ticket_capacity":"0","_ticket_start_date":"","_ticket_end_date":"","_tribe_ticket_show_description":"","_tribe_ticket_show_not_going":false,"_tribe_ticket_use_global_stock":"","_tribe_ticket_global_stock_level":"","_global_stock_mode":"","_global_stock_cap":"","_tribe_rsvp_for_event":"","_tribe_ticket_going_count":"","_tribe_ticket_not_going_count":"","_tribe_tickets_list":"[]","_tribe_ticket_has_attendee_info_fields":false,"footnotes":"","_tec_slr_enabled":"","_tec_slr_layout":""},"class_list":["post-263","page","type-page","status-publish","hentry"],"ticketed":false,"_links":{"self":[{"href":"https:\/\/www.montmirat.fr\/index.php\/wp-json\/wp\/v2\/pages\/263","targetHints":{"allow":["GET"]}}],"collection":[{"href":"https:\/\/www.montmirat.fr\/index.php\/wp-json\/wp\/v2\/pages"}],"about":[{"href":"https:\/\/www.montmirat.fr\/index.php\/wp-json\/wp\/v2\/types\/page"}],"author":[{"embeddable":true,"href":"https:\/\/www.montmirat.fr\/index.php\/wp-json\/wp\/v2\/users\/1"}],"replies":[{"embeddable":true,"href":"https:\/\/www.montmirat.fr\/index.php\/wp-json\/wp\/v2\/comments?post=263"}],"version-history":[{"count":8,"href":"https:\/\/www.montmirat.fr\/index.php\/wp-json\/wp\/v2\/pages\/263\/revisions"}],"predecessor-version":[{"id":390,"href":"https:\/\/www.montmirat.fr\/index.php\/wp-json\/wp\/v2\/pages\/263\/revisions\/390"}],"wp:attachment":[{"href":"https:\/\/www.montmirat.fr\/index.php\/wp-json\/wp\/v2\/media?parent=263"}],"curies":[{"name":"wp","href":"https:\/\/api.w.org\/{rel}","templated":true}]}}