{"id":254,"date":"2017-10-19T13:56:42","date_gmt":"2017-10-19T11:56:42","guid":{"rendered":"http:\/\/www.montmirat.fr\/?page_id=254"},"modified":"2018-02-06T15:03:24","modified_gmt":"2018-02-06T14:03:24","slug":"dechets","status":"publish","type":"page","link":"https:\/\/www.montmirat.fr\/index.php\/dechets\/","title":{"rendered":"D\u00e9chets"},"content":{"rendered":"<p>Jours de collecte dans la commune :<\/p>\n<ul>\n<li><span style=\"color: #008000; font-size: 14pt;\"><strong>bac vert <\/strong><\/span>\u00e0 sortir le <strong>dimanche soir<\/strong> pour un enl\u00e8vement le lundi matin<\/li>\n<li><span style=\"color: #ffff00; font-size: 14pt;\"><strong>bac jaune<\/strong><\/span> (produits recyclables) \u00e0 sortir le <strong>mercredi soir<\/strong> pour un enl\u00e8vement le jeudi matin<\/li>\n<\/ul>\n<p>Merci de rentrer les bacs une fois la collecte faite.<\/p>\n","protected":false},"excerpt":{"rendered":"<p>Jours de collecte dans la commune : bac vert \u00e0 sortir le dimanche soir pour un enl\u00e8vement le lundi matin bac jaune (produits recyclables) \u00e0 sortir le mercredi soir pour un enl\u00e8vement le jeudi matin Merci de rentrer les bacs<span class=\"ellipsis\">&hellip;<\/span><\/p>\n<div class=\"read-more\"><a href=\"https:\/\/www.montmirat.fr\/index.php\/dechets\/\">Lire la suite <span class=\"screen-reader-text\">D\u00e9chets<\/span><span class=\"meta-nav\"> &#8250;<\/span><\/a><\/div>\n<p><!-- end of .read-more --><\/p>\n","protected":false},"author":1,"featured_media":0,"parent":0,"menu_order":0,"comment_status":"closed","ping_status":"closed","template":"","meta":{"_price":"","_stock":"","_tribe_ticket_header":"","_tribe_default_ticket_provider":"","_tribe_ticket_capacity":"0","_ticket_start_date":"","_ticket_end_date":"","_tribe_ticket_show_description":"","_tribe_ticket_show_not_going":false,"_tribe_ticket_use_global_stock":"","_tribe_ticket_global_stock_level":"","_global_stock_mode":"","_global_stock_cap":"","_tribe_rsvp_for_event":"","_tribe_ticket_going_count":"","_tribe_ticket_not_going_count":"","_tribe_tickets_list":"[]","_tribe_ticket_has_attendee_info_fields":false,"footnotes":"","_tec_slr_enabled":"","_tec_slr_layout":""},"class_list":["post-254","page","type-page","status-publish","hentry"],"ticketed":false,"_links":{"self":[{"href":"https:\/\/www.montmirat.fr\/index.php\/wp-json\/wp\/v2\/pages\/254","targetHints":{"allow":["GET"]}}],"collection":[{"href":"https:\/\/www.montmirat.fr\/index.php\/wp-json\/wp\/v2\/pages"}],"about":[{"href":"https:\/\/www.montmirat.fr\/index.php\/wp-json\/wp\/v2\/types\/page"}],"author":[{"embeddable":true,"href":"https:\/\/www.montmirat.fr\/index.php\/wp-json\/wp\/v2\/users\/1"}],"replies":[{"embeddable":true,"href":"https:\/\/www.montmirat.fr\/index.php\/wp-json\/wp\/v2\/comments?post=254"}],"version-history":[{"count":7,"href":"https:\/\/www.montmirat.fr\/index.php\/wp-json\/wp\/v2\/pages\/254\/revisions"}],"predecessor-version":[{"id":650,"href":"https:\/\/www.montmirat.fr\/index.php\/wp-json\/wp\/v2\/pages\/254\/revisions\/650"}],"wp:attachment":[{"href":"https:\/\/www.montmirat.fr\/index.php\/wp-json\/wp\/v2\/media?parent=254"}],"curies":[{"name":"wp","href":"https:\/\/api.w.org\/{rel}","templated":true}]}}