{"id":252,"date":"2017-10-19T13:55:52","date_gmt":"2017-10-19T11:55:52","guid":{"rendered":"http:\/\/www.montmirat.fr\/?page_id=252"},"modified":"2024-02-14T09:35:56","modified_gmt":"2024-02-14T08:35:56","slug":"bibliotheque","status":"publish","type":"page","link":"https:\/\/www.montmirat.fr\/index.php\/bibliotheque\/","title":{"rendered":"Biblioth\u00e8que"},"content":{"rendered":"<p><strong>Responsables : Sandrine HOLOYE &#8211; Sylvain REILLE &#8211; Hugues ALORY<\/strong><\/p>\n<p>Horaires d&rsquo;ouverture : Information communiqu\u00e9e sur la page Facebook de la mairie tous les mois et diffus\u00e9e par mail si vous \u00eates inscrit sur la liste de diffusion de la mairie.<\/p>\n<p>Vous pouvez joindre la biblioth\u00e8que sur le mail suivant : bibliotheque.montmirat@gmail.com<\/p>\n<h4><\/h4>\n","protected":false},"excerpt":{"rendered":"<p>Responsables : Sandrine HOLOYE &#8211; Sylvain REILLE &#8211; Hugues ALORY Horaires d&rsquo;ouverture : Information communiqu\u00e9e sur la page Facebook de la mairie tous les mois et diffus\u00e9e par mail si vous \u00eates inscrit sur la liste de diffusion de la<span class=\"ellipsis\">&hellip;<\/span><\/p>\n<div class=\"read-more\"><a href=\"https:\/\/www.montmirat.fr\/index.php\/bibliotheque\/\">Lire la suite <span class=\"screen-reader-text\">Biblioth\u00e8que<\/span><span class=\"meta-nav\"> &#8250;<\/span><\/a><\/div>\n<p><!-- end of .read-more --><\/p>\n","protected":false},"author":1,"featured_media":0,"parent":0,"menu_order":0,"comment_status":"closed","ping_status":"closed","template":"","meta":{"_price":"","_stock":"","_tribe_ticket_header":"","_tribe_default_ticket_provider":"","_tribe_ticket_capacity":"0","_ticket_start_date":"","_ticket_end_date":"","_tribe_ticket_show_description":"","_tribe_ticket_show_not_going":false,"_tribe_ticket_use_global_stock":"","_tribe_ticket_global_stock_level":"","_global_stock_mode":"","_global_stock_cap":"","_tribe_rsvp_for_event":"","_tribe_ticket_going_count":"","_tribe_ticket_not_going_count":"","_tribe_tickets_list":"[]","_tribe_ticket_has_attendee_info_fields":false,"footnotes":"","_tec_slr_enabled":"","_tec_slr_layout":""},"class_list":["post-252","page","type-page","status-publish","hentry"],"ticketed":false,"_links":{"self":[{"href":"https:\/\/www.montmirat.fr\/index.php\/wp-json\/wp\/v2\/pages\/252","targetHints":{"allow":["GET"]}}],"collection":[{"href":"https:\/\/www.montmirat.fr\/index.php\/wp-json\/wp\/v2\/pages"}],"about":[{"href":"https:\/\/www.montmirat.fr\/index.php\/wp-json\/wp\/v2\/types\/page"}],"author":[{"embeddable":true,"href":"https:\/\/www.montmirat.fr\/index.php\/wp-json\/wp\/v2\/users\/1"}],"replies":[{"embeddable":true,"href":"https:\/\/www.montmirat.fr\/index.php\/wp-json\/wp\/v2\/comments?post=252"}],"version-history":[{"count":29,"href":"https:\/\/www.montmirat.fr\/index.php\/wp-json\/wp\/v2\/pages\/252\/revisions"}],"predecessor-version":[{"id":2236,"href":"https:\/\/www.montmirat.fr\/index.php\/wp-json\/wp\/v2\/pages\/252\/revisions\/2236"}],"wp:attachment":[{"href":"https:\/\/www.montmirat.fr\/index.php\/wp-json\/wp\/v2\/media?parent=252"}],"curies":[{"name":"wp","href":"https:\/\/api.w.org\/{rel}","templated":true}]}}