{"id":250,"date":"2017-10-19T13:54:47","date_gmt":"2017-10-19T11:54:47","guid":{"rendered":"http:\/\/www.montmirat.fr\/?page_id=250"},"modified":"2018-02-07T09:58:00","modified_gmt":"2018-02-07T08:58:00","slug":"transport","status":"publish","type":"page","link":"https:\/\/www.montmirat.fr\/index.php\/transport\/","title":{"rendered":"Transport"},"content":{"rendered":"<table style=\"height: 102px; width: 449px;\">\n<tbody>\n<tr>\n<td style=\"width: 74px;\"><a href=\"http:\/\/www.montmirat.fr\/wp-content\/uploads\/2018\/02\/801-2-DESSERTE-DU-SECTEUR-DE-MONTMIRAT-CANNES-ET-CLAIRAN.pdf\" target=\"_blank\" rel=\"noopener\"><img loading=\"lazy\" decoding=\"async\" class=\"alignnone size-full wp-image-416\" src=\"http:\/\/www.montmirat.fr\/wp-content\/uploads\/2017\/10\/icone_pdf.png\" alt=\"\" width=\"16\" height=\"16\" \/><\/a><\/td>\n<td style=\"width: 195.4px;\"><strong>Desserte\u00a0801 &#8211; 2\u00a0 <\/strong><\/td>\n<td style=\"width: 276.6px;\"><strong>: secteur de Sommi\u00e8res<\/strong><\/td>\n<\/tr>\n<tr>\n<td style=\"width: 74px;\"><a href=\"http:\/\/www.montmirat.fr\/wp-content\/uploads\/2018\/02\/807-1-DESSERTE-DU-COLLEGE-ET-DE-LECOLE-DE-QUISSAC.pdf\" target=\"_blank\" rel=\"noopener\"><img decoding=\"async\" src=\"http:\/\/www.montmirat.fr\/wp-content\/uploads\/2017\/10\/icone_pdf.png\" \/><\/a><\/td>\n<td style=\"width: 195.4px;\"><strong>Desserte 807-1<br \/>\n<\/strong><\/td>\n<td style=\"width: 276.6px;\"><strong>: secteur de Quissac<\/strong><\/td>\n<\/tr>\n<tr>\n<td style=\"width: 74px;\"><a href=\"http:\/\/www.montmirat.fr\/wp-content\/uploads\/2018\/02\/D40_Horaires-du-08-janvier-au-06-juillet-2018_Doublages-scolaires-inclus.pdf\" target=\"_blank\" rel=\"noopener\"><img decoding=\"async\" src=\"http:\/\/www.montmirat.fr\/wp-content\/uploads\/2017\/10\/icone_pdf.png\" \/><\/a><\/td>\n<td style=\"width: 195.4px;\"><strong>Ligne D 40<\/strong><\/td>\n<td style=\"width: 276.6px;\"><strong> : Le Vigan-N\u00eemes<\/strong><\/td>\n<\/tr>\n<tr>\n<td style=\"width: 74px;\"><a href=\"http:\/\/www.montmirat.fr\/wp-content\/uploads\/2018\/02\/D41_Horaires-du-08-janvier-au-06-juillet-2018_Doublages-scolaires-inclus.pdf\" target=\"_blank\" rel=\"noopener\"><img decoding=\"async\" src=\"http:\/\/www.montmirat.fr\/wp-content\/uploads\/2017\/10\/icone_pdf.png\" \/><\/a><\/td>\n<td style=\"width: 195.4px;\"><strong>Ligne D 41<br \/>\n<\/strong><\/td>\n<td style=\"width: 276.6px;\"><strong>: Sommi\u00e8res-N\u00eemes<\/strong><\/td>\n<\/tr>\n<\/tbody>\n<\/table>\n<p>&nbsp;<\/p>\n<p><strong><br \/>\n<\/strong><\/p>\n<p><strong><br \/>\n<\/strong><\/p>\n<p><strong><br \/>\n<\/strong><\/p>\n<p><strong><br \/>\n<\/strong><\/p>\n<p>&nbsp;<\/p>\n","protected":false},"excerpt":{"rendered":"<p>Desserte\u00a0801 &#8211; 2\u00a0 : secteur de Sommi\u00e8res Desserte 807-1 : secteur de Quissac Ligne D 40 : Le Vigan-N\u00eemes Ligne D 41 : Sommi\u00e8res-N\u00eemes &nbsp; &nbsp;<\/p>\n","protected":false},"author":1,"featured_media":0,"parent":0,"menu_order":0,"comment_status":"closed","ping_status":"closed","template":"","meta":{"_price":"","_stock":"","_tribe_ticket_header":"","_tribe_default_ticket_provider":"","_tribe_ticket_capacity":"0","_ticket_start_date":"","_ticket_end_date":"","_tribe_ticket_show_description":"","_tribe_ticket_show_not_going":false,"_tribe_ticket_use_global_stock":"","_tribe_ticket_global_stock_level":"","_global_stock_mode":"","_global_stock_cap":"","_tribe_rsvp_for_event":"","_tribe_ticket_going_count":"","_tribe_ticket_not_going_count":"","_tribe_tickets_list":"[]","_tribe_ticket_has_attendee_info_fields":false,"footnotes":"","_tec_slr_enabled":"","_tec_slr_layout":""},"class_list":["post-250","page","type-page","status-publish","hentry"],"ticketed":false,"_links":{"self":[{"href":"https:\/\/www.montmirat.fr\/index.php\/wp-json\/wp\/v2\/pages\/250","targetHints":{"allow":["GET"]}}],"collection":[{"href":"https:\/\/www.montmirat.fr\/index.php\/wp-json\/wp\/v2\/pages"}],"about":[{"href":"https:\/\/www.montmirat.fr\/index.php\/wp-json\/wp\/v2\/types\/page"}],"author":[{"embeddable":true,"href":"https:\/\/www.montmirat.fr\/index.php\/wp-json\/wp\/v2\/users\/1"}],"replies":[{"embeddable":true,"href":"https:\/\/www.montmirat.fr\/index.php\/wp-json\/wp\/v2\/comments?post=250"}],"version-history":[{"count":39,"href":"https:\/\/www.montmirat.fr\/index.php\/wp-json\/wp\/v2\/pages\/250\/revisions"}],"predecessor-version":[{"id":684,"href":"https:\/\/www.montmirat.fr\/index.php\/wp-json\/wp\/v2\/pages\/250\/revisions\/684"}],"wp:attachment":[{"href":"https:\/\/www.montmirat.fr\/index.php\/wp-json\/wp\/v2\/media?parent=250"}],"curies":[{"name":"wp","href":"https:\/\/api.w.org\/{rel}","templated":true}]}}