{"id":248,"date":"2017-10-19T13:54:00","date_gmt":"2017-10-19T11:54:00","guid":{"rendered":"http:\/\/www.montmirat.fr\/?page_id=248"},"modified":"2024-02-14T10:29:08","modified_gmt":"2024-02-14T09:29:08","slug":"ecole","status":"publish","type":"page","link":"https:\/\/www.montmirat.fr\/index.php\/ecole\/","title":{"rendered":"Ecole"},"content":{"rendered":"<p><span style=\"font-family: tahoma, arial, helvetica, sans-serif;\"><span style=\"color: #ff0000;\"><strong>R<\/strong><\/span>egroupement <span style=\"color: #ff0000;\"><strong>P<\/strong><\/span>\u00e9dagogique <span style=\"color: #ff0000;\"><strong>I<\/strong><\/span>nter-communal ( Cannes et Clairan, Crespian, <span style=\"color: #ff0000;\"><strong>Montmirat<\/strong><\/span> et Vic Le Fesq)<\/span><\/p>\n<p><span style=\"font-family: tahoma, arial, helvetica, sans-serif;\"><strong><span style=\"color: #0000ff;\">Ecole \u00e9l\u00e9mentaire Marie-Louise Granier<\/span> (<span style=\"font-size: 10pt;\">CE2<\/span>\/<span style=\"font-size: 10pt;\">CM1\/CM2<\/span>)<\/strong>\u00a0: <em>Directrice Magali Chabert<\/em><\/span><\/p>\n<p><span style=\"font-size: 10pt; font-family: tahoma, arial, helvetica, sans-serif;\">T\u00e9l : 04 66 77 87 57<\/span><\/p>\n<p><span style=\"font-family: tahoma, arial, helvetica, sans-serif;\"><strong>Horaires<\/strong>\u00a0<strong>2023\/2024<\/strong>:<\/span><\/p>\n<ul>\n<li><span style=\"font-family: tahoma, arial, helvetica, sans-serif;\">lundi, mardi, jeudi et vendredi de <span style=\"font-size: 14pt;\"><span style=\"color: #ff6600;\"><strong>8 h 40 \u00e0 11 h 55<\/strong><\/span>\u00a0<span style=\"font-size: 12pt;\">et de<\/span><span style=\"color: #ff6600;\"><strong> 13 h 55 \u00e0 16 h 40<\/strong><\/span><\/span><\/span><\/li>\n<\/ul>\n<p><span style=\"font-family: tahoma, arial, helvetica, sans-serif;\">Etude surveill\u00e9e : <span style=\"color: #0000ff;\"><strong>de 16 h 45 \u00e0 17 h 30\u00a0<\/strong><\/span><\/span><\/p>\n<p><span style=\"font-family: tahoma, arial, helvetica, sans-serif;\">Garderie :\u00a0<span style=\"color: #0000ff;\"><strong>de 17 h 30 \u00e0 18 h 30\u00a0<\/strong><\/span><\/span><\/p>\n<p><span style=\"font-family: tahoma, arial, helvetica, sans-serif;\">Pour les familles \u00e9tant \u00e0 la recherche d&rsquo;une assistante maternelle, vous pouvez consulter la liste sur la page d&rsquo;accueil dans la rubrique \u00ab\u00a0<span style=\"color: #0000ff;\"><strong>Vie pratique<\/strong><\/span>\u00a0\u00bb et sous-rubrique \u00ab\u00a0<span style=\"color: #0000ff;\"><strong>Garderie d&rsquo;enfants<\/strong><\/span>\u00ab\u00a0.<\/span><\/p>\n","protected":false},"excerpt":{"rendered":"<p>Regroupement P\u00e9dagogique Inter-communal ( Cannes et Clairan, Crespian, Montmirat et Vic Le Fesq) Ecole \u00e9l\u00e9mentaire Marie-Louise Granier (CE2\/CM1\/CM2)\u00a0: Directrice Magali Chabert T\u00e9l : 04 66 77 87 57 Horaires\u00a02023\/2024: lundi, mardi, jeudi et vendredi de 8 h 40 \u00e0 11<span class=\"ellipsis\">&hellip;<\/span><\/p>\n<div class=\"read-more\"><a href=\"https:\/\/www.montmirat.fr\/index.php\/ecole\/\">Lire la suite <span class=\"screen-reader-text\">Ecole<\/span><span class=\"meta-nav\"> &#8250;<\/span><\/a><\/div>\n<p><!-- end of .read-more --><\/p>\n","protected":false},"author":1,"featured_media":0,"parent":0,"menu_order":0,"comment_status":"closed","ping_status":"closed","template":"","meta":{"_price":"","_stock":"","_tribe_ticket_header":"","_tribe_default_ticket_provider":"","_tribe_ticket_capacity":"0","_ticket_start_date":"","_ticket_end_date":"","_tribe_ticket_show_description":"","_tribe_ticket_show_not_going":false,"_tribe_ticket_use_global_stock":"","_tribe_ticket_global_stock_level":"","_global_stock_mode":"","_global_stock_cap":"","_tribe_rsvp_for_event":"","_tribe_ticket_going_count":"","_tribe_ticket_not_going_count":"","_tribe_tickets_list":"[]","_tribe_ticket_has_attendee_info_fields":false,"footnotes":"","_tec_slr_enabled":"","_tec_slr_layout":""},"class_list":["post-248","page","type-page","status-publish","hentry"],"ticketed":false,"_links":{"self":[{"href":"https:\/\/www.montmirat.fr\/index.php\/wp-json\/wp\/v2\/pages\/248","targetHints":{"allow":["GET"]}}],"collection":[{"href":"https:\/\/www.montmirat.fr\/index.php\/wp-json\/wp\/v2\/pages"}],"about":[{"href":"https:\/\/www.montmirat.fr\/index.php\/wp-json\/wp\/v2\/types\/page"}],"author":[{"embeddable":true,"href":"https:\/\/www.montmirat.fr\/index.php\/wp-json\/wp\/v2\/users\/1"}],"replies":[{"embeddable":true,"href":"https:\/\/www.montmirat.fr\/index.php\/wp-json\/wp\/v2\/comments?post=248"}],"version-history":[{"count":18,"href":"https:\/\/www.montmirat.fr\/index.php\/wp-json\/wp\/v2\/pages\/248\/revisions"}],"predecessor-version":[{"id":1841,"href":"https:\/\/www.montmirat.fr\/index.php\/wp-json\/wp\/v2\/pages\/248\/revisions\/1841"}],"wp:attachment":[{"href":"https:\/\/www.montmirat.fr\/index.php\/wp-json\/wp\/v2\/media?parent=248"}],"curies":[{"name":"wp","href":"https:\/\/api.w.org\/{rel}","templated":true}]}}