{"id":1512,"date":"2022-08-08T15:06:10","date_gmt":"2022-08-08T13:06:10","guid":{"rendered":"http:\/\/www.montmirat.fr\/?page_id=1512"},"modified":"2026-04-22T17:04:05","modified_gmt":"2026-04-22T15:04:05","slug":"affichage","status":"publish","type":"page","link":"https:\/\/www.montmirat.fr\/index.php\/vie-municipale\/affichage\/","title":{"rendered":"Affichage"},"content":{"rendered":"\n<h2 class=\"wp-block-heading\"><strong>A<\/strong>rr\u00eat\u00e9s municipaux<\/h2>\n\n\n\n<p>\u00a0<\/p>\n<p><a href=\"http:\/\/www.montmirat.fr\/wp-content\/uploads\/2026\/04\/arrete-2026-04-arrete-stationnement-TOSCA-PIZZA-24.04-et-01.05.2026.pdf\">Arr\u00eat\u00e9 2026-04 arr\u00eat\u00e9 stationnement TOSCA PIZZA 24.04 et 01.05.2026<\/a><\/p>\n<p><a href=\"http:\/\/www.montmirat.fr\/wp-content\/uploads\/2026\/04\/arrete-2026-03-arrete-stationnement-TOSCA-PIZZA-17.04.2026.pdf\">Arr\u00eat\u00e9 2026-03 arr\u00eat\u00e9 stationnement TOSCA PIZZA 17.04.2026<\/a><\/p>\n<p><a href=\"http:\/\/www.montmirat.fr\/wp-content\/uploads\/2026\/04\/Police-de-roulage-CITEOS-les-Mas.pdf\">Police de roulage CITEOS les Mas<\/a><\/p>\n<p><a href=\"http:\/\/www.montmirat.fr\/wp-content\/uploads\/2026\/04\/autorisation-voirie-echafaudage-SAVIN_BAUER-RD6110.pdf\">Autorisation voirie \u00e9chafaudage SAVIN_BAUER RD6110<\/a><\/p>\n<p><a href=\"http:\/\/www.montmirat.fr\/wp-content\/uploads\/2026\/04\/Police-de-roulage-SOGETREL-MENDE-Route-des-Cevennes-10.03.2026.pdf\">Police de roulage SOGETREL MENDE Route des C\u00e9vennes 10.03.2026<\/a><\/p>\n<p><a href=\"http:\/\/www.montmirat.fr\/wp-content\/uploads\/2026\/04\/arrete-2026-02-delegation-fonctions-et-signature-1ere-adjointe.pdf\">Arr\u00eat\u00e9 2026-02 d\u00e9l\u00e9gation fonctions et signature 1\u00e8re adjointe<\/a><\/p>\n<p><a href=\"http:\/\/www.montmirat.fr\/wp-content\/uploads\/2023\/06\/202307-concernant-lelagage-ou-labattage-des-arbres.pdf\">Arr\u00eat\u00e9 2023\/07 concernant l&rsquo;\u00e9lagage ou l&rsquo;abattage des arbres<\/a><\/p>\n\n\n\n<p><a href=\"http:\/\/www.montmirat.fr\/wp-content\/uploads\/2022\/08\/Arrete-interdisant-le-camping-sauvage.pdf\" target=\"_blank\" rel=\"noopener\">Arr\u00eat\u00e9 interdisant le camping sauvage<\/a><\/p>\n<p>&nbsp;<\/p>\n\n\n\n<p><strong>Publication des bans<br><\/strong><\/p>\n<p>&nbsp;<\/p>\n<h6>&nbsp;<\/h6>\n<p>&nbsp;<\/p>\n<h4><strong>Autres affichages<\/strong><\/h4>\n<p><a href=\"http:\/\/www.montmirat.fr\/wp-content\/uploads\/2024\/05\/Arrete-n\u00b030-2024-04-16-00003-portant-approbation-du-classement-sonore-des-infrastructures-du-reseau-routier-du-Gard.pdf\">Arr\u00eat\u00e9 n\u00b030-2024-04-16-00003 portant approbation du classement sonore des infrastructures du r\u00e9seau routier du Gard<\/a><\/p>\n<h6>Publi\u00e9 le 13\/05\/2024<\/h6>\n<p><a href=\"http:\/\/www.montmirat.fr\/wp-content\/uploads\/2023\/09\/ART-20230808_IAL_abrogation_signe-raa.pdf\">Arr\u00eat\u00e9 2023080800001 relatif \u00e0 l&rsquo;information des acqu\u00e9reurs et des locataires de biens immobiliers <\/a><\/p>\n<h6>Publi\u00e9 le 11\/09\/2023<\/h6>\n<p><a href=\"http:\/\/www.montmirat.fr\/wp-content\/uploads\/2025\/09\/Decret-du-27-aout-2025-convocation-des-electeurs.pdf\">D\u00e9cret du 27 ao\u00fbt 2025 convocation des \u00e9lecteurs<\/a><\/p>\n<h6>Publi\u00e9 le 01\/09\/2025<\/h6>\n\n\n\n<p><a href=\"http:\/\/www.montmirat.fr\/wp-content\/uploads\/2025\/05\/Arrete-douverture-et-de-cloture-de-la-chasse-2.pdf\">Arr\u00eat\u00e9 d&rsquo;ouverture et de cl\u00f4ture de la chasse 2<\/a><\/p>\n<p><a href=\"http:\/\/www.montmirat.fr\/wp-content\/uploads\/2025\/05\/Arrete-douverture-et-de-cloture-de-la-chasse-3.pdf\">Arr\u00eat\u00e9 d&rsquo;ouverture et de cl\u00f4ture de la chasse 3<\/a><\/p>\n<p><a href=\"http:\/\/www.montmirat.fr\/wp-content\/uploads\/2025\/05\/ART_20250515_TAA-anticipe_DDTM-SEF-2025-00057_VF.pdf\">ART_20250515_TAA-anticipe_DDTM-SEF-2025-00057_VF<\/a><\/p>\n<p><a href=\"http:\/\/www.montmirat.fr\/wp-content\/uploads\/2025\/05\/ART_2025_DDTM-SEF-2025-00059-_BTE-anticipe2025_VF.pdf\">ART_2025_DDTM-SEF-2025-00059 _BTE-anticipe2025_VF<\/a><\/p>\n<h6>Publi\u00e9 le 26\/05\/2025<\/h6>\n\n\n\n<p><a href=\"http:\/\/www.montmirat.fr\/wp-content\/uploads\/2025\/11\/Arrete-portant-autorisation-de-destruction-danimaux-despeces-de-faune-sauvage.pdf\">Arr\u00eat\u00e9 portant autorisation de destruction d&rsquo;animaux d&rsquo;esp\u00e8ces de faune sauvage<\/a><\/p>\n<h6>Publi\u00e9 le 20\/11\/2025<\/h6>\n\n\n\n\n\n<p><a href=\"http:\/\/www.montmirat.fr\/wp-content\/uploads\/2026\/04\/20260303_arrete_reco_pf_vignes_2025.pdf\">Arr\u00eat\u00e9 reconnaissant le caract\u00e8re de calamit\u00e9 agricole aux dommages subis par les agriculteurs du GARD<\/a><\/p>\n<h6>Publi\u00e9 le 10\/04\/2026<\/h6>\n<p><a href=\"http:\/\/www.montmirat.fr\/wp-content\/uploads\/2026\/04\/AP-protoxyde-dazote-du-9-avril-au-30-septembre-2026.pdf\">Arr\u00eat\u00e9 r\u00e9glementant la vente, la d\u00e9tention et la consommation de protoxyde d&rsquo;azote (N2O) dans le d\u00e9partement du GARD du 9 avril au 30 septembre 2026<\/a><\/p>\n<h6>Publi\u00e9 le 10\/04\/2026<\/h6>\n\n\n\n<h2 class=\"wp-block-heading\"><\/h2>\n\n\n\n<h2 class=\"wp-block-heading\"><\/h2>\n\n\n\n<p><\/p>\n\n\n\n<details class=\"wp-block-details is-layout-flow wp-block-details-is-layout-flow\"><summary><\/summary>\n<p><\/p>\n<\/details>\n\n\n","protected":false},"excerpt":{"rendered":"<p>Arr\u00eat\u00e9s municipaux \u00a0 Arr\u00eat\u00e9 2026-04 arr\u00eat\u00e9 stationnement TOSCA PIZZA 24.04 et 01.05.2026 Arr\u00eat\u00e9 2026-03 arr\u00eat\u00e9 stationnement TOSCA PIZZA 17.04.2026 Police de roulage CITEOS les Mas Autorisation voirie \u00e9chafaudage SAVIN_BAUER RD6110 Police de roulage SOGETREL MENDE Route des C\u00e9vennes 10.03.2026 Arr\u00eat\u00e9<span class=\"ellipsis\">&hellip;<\/span><\/p>\n<div class=\"read-more\"><a href=\"https:\/\/www.montmirat.fr\/index.php\/vie-municipale\/affichage\/\">Lire la suite <span class=\"screen-reader-text\">Affichage<\/span><span class=\"meta-nav\"> &#8250;<\/span><\/a><\/div>\n<p><!-- end of .read-more --><\/p>\n","protected":false},"author":4,"featured_media":0,"parent":227,"menu_order":0,"comment_status":"closed","ping_status":"closed","template":"","meta":{"_price":"","_stock":"","_tribe_ticket_header":"","_tribe_default_ticket_provider":"","_tribe_ticket_capacity":"0","_ticket_start_date":"","_ticket_end_date":"","_tribe_ticket_show_description":"","_tribe_ticket_show_not_going":false,"_tribe_ticket_use_global_stock":"","_tribe_ticket_global_stock_level":"","_global_stock_mode":"","_global_stock_cap":"","_tribe_rsvp_for_event":"","_tribe_ticket_going_count":"","_tribe_ticket_not_going_count":"","_tribe_tickets_list":"[]","_tribe_ticket_has_attendee_info_fields":false,"footnotes":"","_tec_slr_enabled":"","_tec_slr_layout":""},"class_list":["post-1512","page","type-page","status-publish","hentry"],"ticketed":false,"_links":{"self":[{"href":"https:\/\/www.montmirat.fr\/index.php\/wp-json\/wp\/v2\/pages\/1512","targetHints":{"allow":["GET"]}}],"collection":[{"href":"https:\/\/www.montmirat.fr\/index.php\/wp-json\/wp\/v2\/pages"}],"about":[{"href":"https:\/\/www.montmirat.fr\/index.php\/wp-json\/wp\/v2\/types\/page"}],"author":[{"embeddable":true,"href":"https:\/\/www.montmirat.fr\/index.php\/wp-json\/wp\/v2\/users\/4"}],"replies":[{"embeddable":true,"href":"https:\/\/www.montmirat.fr\/index.php\/wp-json\/wp\/v2\/comments?post=1512"}],"version-history":[{"count":79,"href":"https:\/\/www.montmirat.fr\/index.php\/wp-json\/wp\/v2\/pages\/1512\/revisions"}],"predecessor-version":[{"id":2303,"href":"https:\/\/www.montmirat.fr\/index.php\/wp-json\/wp\/v2\/pages\/1512\/revisions\/2303"}],"up":[{"embeddable":true,"href":"https:\/\/www.montmirat.fr\/index.php\/wp-json\/wp\/v2\/pages\/227"}],"wp:attachment":[{"href":"https:\/\/www.montmirat.fr\/index.php\/wp-json\/wp\/v2\/media?parent=1512"}],"curies":[{"name":"wp","href":"https:\/\/api.w.org\/{rel}","templated":true}]}}